{"id":3673,"date":"2019-02-04T16:00:15","date_gmt":"2019-02-04T15:00:15","guid":{"rendered":"https:\/\/www.alpsandcharme.it\/notre-philosophie\/"},"modified":"2019-02-04T16:00:20","modified_gmt":"2019-02-04T15:00:20","slug":"notre-philosophie","status":"publish","type":"page","link":"https:\/\/www.alpsandcharme.it\/fr\/notre-philosophie\/","title":{"rendered":"Notre philosophie"},"content":{"rendered":"<p>[et_pb_section bb_built=&#8221;1&#8243; _builder_version=&#8221;3.0.47&#8243;][et_pb_row custom_padding=&#8221;15px|0px|15px|0px|false|false&#8221; custom_margin=&#8221;||30px|&#8221; _builder_version=&#8221;3.17.6&#8243;][et_pb_column type=&#8221;4_4&#8243;][et_pb_text admin_label=&#8221;Titolo paragrafo&#8221; _builder_version=&#8221;3.18.8&#8243; custom_margin=&#8221;||0px|&#8221; custom_padding=&#8221;||0px|&#8221;]<\/p>\n<h5>Notre philosophie<\/h5>\n<p>[\/et_pb_text][et_pb_text _builder_version=&#8221;3.19.6&#8243;]<\/p>\n<p>Notre objectif est de te faire d\u00e9couvrir des r\u00e9alit\u00e9s exclusives, de t\u2019 \u00e9vader et mettre \u00e0 profit le temps des vacances au-del\u00e0 d\u2019une simple d\u00e9tente. Les chambres d\u2019h\u00f4tes de maximum six chambres sont des structures d\u2019accueil dot\u00e9es de tout le confort. Une hospitalit\u00e9 et un accueil chaleureux et attentif o\u00f9 il fait bon vivre dans des lieux remplis d\u2019histoire et de charme.<\/p>\n<p>Alps &amp; Charme s\u00e9lectionne les meilleurs chambres d\u2019h\u00f4tes de Charme et cr\u00e9e pour toi de magnifiques offres de s\u00e9jour, pour une exp\u00e9rience unique et sp\u00e9ciale au c\u0153ur des Alpes vald\u00f4taine.<br \/>\nNous avons mis ainsi \u00e0 ta disposition, un site internet o\u00f9 il te sera possible de choisir ton s\u00e9jour et tu pourras le personnaliser en choisissant les types d\u2019offres, le lieu de vill\u00e9giature, la structure, et la typologie de la chambre. Tu pourras aussi choisir les activit\u00e9s \u00e0 faire durant ton s\u00e9jour pour vivre la montagne comme tu ne l\u2019avais jamais imagin\u00e9.<\/p>\n<p>[\/et_pb_text][\/et_pb_column][\/et_pb_row][\/et_pb_section]<\/p>\n","protected":false},"excerpt":{"rendered":"<p>[et_pb_section bb_built=&#8221;1&#8243; _builder_version=&#8221;3.0.47&#8243;][et_pb_row custom_padding=&#8221;15px|0px|15px|0px|false|false&#8221; custom_margin=&#8221;||30px|&#8221; _builder_version=&#8221;3.17.6&#8243;][et_pb_column type=&#8221;4_4&#8243;][et_pb_text admin_label=&#8221;Titolo paragrafo&#8221; _builder_version=&#8221;3.18.8&#8243; custom_margin=&#8221;||0px|&#8221; custom_padding=&#8221;||0px|&#8221;] Notre philosophie [\/et_pb_text][et_pb_text _builder_version=&#8221;3.19.6&#8243;] Notre objectif est de te faire d\u00e9couvrir des r\u00e9alit\u00e9s exclusives, de t\u2019 \u00e9vader et mettre \u00e0 profit le temps des vacances au-del\u00e0 d\u2019une simple d\u00e9tente. Les chambres d\u2019h\u00f4tes de maximum six chambres sont des structures d\u2019accueil dot\u00e9es de tout [&hellip;]<\/p>\n","protected":false},"author":1,"featured_media":0,"parent":0,"menu_order":0,"comment_status":"closed","ping_status":"closed","template":"","meta":{"_et_pb_use_builder":"o","_et_pb_old_content":"","footnotes":""},"_links":{"self":[{"href":"https:\/\/www.alpsandcharme.it\/fr\/wp-json\/wp\/v2\/pages\/3673"}],"collection":[{"href":"https:\/\/www.alpsandcharme.it\/fr\/wp-json\/wp\/v2\/pages"}],"about":[{"href":"https:\/\/www.alpsandcharme.it\/fr\/wp-json\/wp\/v2\/types\/page"}],"author":[{"embeddable":true,"href":"https:\/\/www.alpsandcharme.it\/fr\/wp-json\/wp\/v2\/users\/1"}],"replies":[{"embeddable":true,"href":"https:\/\/www.alpsandcharme.it\/fr\/wp-json\/wp\/v2\/comments?post=3673"}],"version-history":[{"count":0,"href":"https:\/\/www.alpsandcharme.it\/fr\/wp-json\/wp\/v2\/pages\/3673\/revisions"}],"wp:attachment":[{"href":"https:\/\/www.alpsandcharme.it\/fr\/wp-json\/wp\/v2\/media?parent=3673"}],"curies":[{"name":"wp","href":"https:\/\/api.w.org\/{rel}","templated":true}]}}