{"id":3912,"date":"2019-02-25T14:28:22","date_gmt":"2019-02-25T13:28:22","guid":{"rendered":"https:\/\/www.alpsandcharme.it\/comment-reserver\/"},"modified":"2019-02-25T14:28:26","modified_gmt":"2019-02-25T13:28:26","slug":"comment-reserver","status":"publish","type":"page","link":"https:\/\/www.alpsandcharme.it\/fr\/comment-reserver\/","title":{"rendered":"Comment r\u00e9server"},"content":{"rendered":"<p>[et_pb_section bb_built=&#8221;1&#8243; _builder_version=&#8221;3.15&#8243;][et_pb_row custom_padding=&#8221;15px|0px|15px|0px|false|false&#8221; custom_margin=&#8221;||30px|&#8221; _builder_version=&#8221;3.15&#8243;][et_pb_column type=&#8221;4_4&#8243;][et_pb_text admin_label=&#8221;Titolo paragrafo&#8221; _builder_version=&#8221;3.18.8&#8243; custom_margin=&#8221;||0px|&#8221; custom_padding=&#8221;||0px|&#8221;]<\/p>\n<h5>Comment r\u00e9server<\/h5>\n<p>[\/et_pb_text][et_pb_text _builder_version=&#8221;3.18.8&#8243;]<\/p>\n<p>Si tu as trouv\u00e9 une offre int\u00e9ressante, la r\u00e9servation est un jeu d\u2019enfant!<\/p>\n<p>[\/et_pb_text][\/et_pb_column][\/et_pb_row][et_pb_row custom_padding=&#8221;15px|0px|15px|0px|false|false&#8221; custom_margin=&#8221;||30px|&#8221; _builder_version=&#8221;3.15&#8243;][et_pb_column type=&#8221;4_4&#8243;][et_pb_text admin_label=&#8221;Titolo paragrafo&#8221; _builder_version=&#8221;3.18.8&#8243; custom_margin=&#8221;||0px|&#8221; custom_padding=&#8221;||0px|&#8221;]<\/p>\n<h5>Cherche et trouve l\u2019offre qui te convient le mieux<\/h5>\n<p>[\/et_pb_text][et_pb_text _builder_version=&#8221;3.18.8&#8243;]<\/p>\n<p>Si tu as trouv\u00e9 une offre int\u00e9ressante, la r\u00e9servation est un jeu d\u2019enfant! Cherche et trouve l\u2019offre qui te convient le mieux. De notre site, tu peux d\u00e9cider par o\u00f9 commencer ta recherche. Le type d\u2019offre \u2013 le lieu \u2013 la structure \u2013 la saison.  Apr\u00e8s quoi, s\u00e9lectionne la date de d\u00e9part (pr\u00e9cise dans les notes si tu d\u00e9sires rester plus d\u2019une nuit), choisis la structure et le type de chambre. Tu as envie d\u2019ajouter une activit\u00e9 durant ton s\u00e9jour?  Ajoute-la \u00e0 ton panier.<\/p>\n<p>[\/et_pb_text][\/et_pb_column][\/et_pb_row][et_pb_row custom_padding=&#8221;15px|0px|15px|0px|false|false&#8221; custom_margin=&#8221;||30px|&#8221; _builder_version=&#8221;3.15&#8243;][et_pb_column type=&#8221;4_4&#8243;][et_pb_text admin_label=&#8221;Titolo paragrafo&#8221; _builder_version=&#8221;3.18.8&#8243; custom_margin=&#8221;||0px|&#8221; custom_padding=&#8221;||0px|&#8221;]<\/p>\n<h5>Cr\u00e9er un compte<\/h5>\n<p>[\/et_pb_text][et_pb_text _builder_version=&#8221;3.18.8&#8243;]<\/p>\n<p>Pour r\u00e9server un s\u00e9jour, il faut au pr\u00e9alable cr\u00e9er un compte dans lequel  il est possible de consulter le compte rendu de toutes tes r\u00e9servations effectu\u00e9es avec Alps&#038;Charme. Lorsque la demande de disponibilit\u00e9 est envoy\u00e9e, la confirmation du s\u00e9jour sera transmise rapidement par mail et sera disponible directement sur ton compte. En cas de r\u00e9ponse n\u00e9gative pour la p\u00e9riode choisie, Alps&#038;Charme fera le maximum pour te proposer des alternatives \u00e9quivalentes.<\/p>\n<p>[\/et_pb_text][\/et_pb_column][\/et_pb_row][et_pb_row custom_padding=&#8221;15px|0px|15px|0px|false|false&#8221; custom_margin=&#8221;||30px|&#8221; _builder_version=&#8221;3.15&#8243;][et_pb_column type=&#8221;4_4&#8243;][et_pb_text admin_label=&#8221;Titolo paragrafo&#8221; _builder_version=&#8221;3.18.8&#8243; custom_margin=&#8221;||0px|&#8221; custom_padding=&#8221;||0px|&#8221;]<\/p>\n<h5>R\u00e9serve et paie en toute s\u00e9curit\u00e9<\/h5>\n<p>[\/et_pb_text][et_pb_text _builder_version=&#8221;3.18.8&#8243;]<\/p>\n<p>Lors de la r\u00e9ception via mail de la confirmation de la disponibilit\u00e9 de la part de Alps&#038;Charme, la r\u00e9servation devra \u00eatre confirm\u00e9e dans les 24 heures (en effectuant le paiement \u00e0 partir de ton compte) ou modifi\u00e9e sous r\u00e9serve d\u2019acceptation  de la part de Alps&#038;Charme. Apr\u00e8s avoir effectu\u00e9 le paiement, un voucher de confirmation de la r\u00e9servation sera envoy\u00e9. Il devra \u00eatre pr\u00e9sent\u00e9 lors de ton arriv\u00e9e aupr\u00e8s de la structure et lors des activit\u00e9s.<\/p>\n<p>[\/et_pb_text][\/et_pb_column][\/et_pb_row][et_pb_row custom_padding=&#8221;15px|0px|15px|0px|false|false&#8221; custom_margin=&#8221;||30px|&#8221; _builder_version=&#8221;3.15&#8243;][et_pb_column type=&#8221;4_4&#8243;][et_pb_text admin_label=&#8221;Titolo paragrafo&#8221; _builder_version=&#8221;3.18.8&#8243; custom_margin=&#8221;||0px|&#8221; custom_padding=&#8221;||0px|&#8221;]<\/p>\n<h5>Profite de ton s\u00e9jour!<\/h5>\n<p>[\/et_pb_text][et_pb_text _builder_version=&#8221;3.18.8&#8243;]<\/p>\n<p>Alps &#038; Charme reste \u00e0 la disposition de ses clients pour les assister aussi bien pendant la phase de r\u00e9servation que pendant leur s\u00e9jour.<\/p>\n<p>[\/et_pb_text][\/et_pb_column][\/et_pb_row][\/et_pb_section]<\/p>\n","protected":false},"excerpt":{"rendered":"<p>[et_pb_section bb_built=&#8221;1&#8243; _builder_version=&#8221;3.15&#8243;][et_pb_row custom_padding=&#8221;15px|0px|15px|0px|false|false&#8221; custom_margin=&#8221;||30px|&#8221; _builder_version=&#8221;3.15&#8243;][et_pb_column type=&#8221;4_4&#8243;][et_pb_text admin_label=&#8221;Titolo paragrafo&#8221; _builder_version=&#8221;3.18.8&#8243; custom_margin=&#8221;||0px|&#8221; custom_padding=&#8221;||0px|&#8221;] Comment r\u00e9server [\/et_pb_text][et_pb_text _builder_version=&#8221;3.18.8&#8243;] Si tu as trouv\u00e9 une offre int\u00e9ressante, la r\u00e9servation est un jeu d\u2019enfant! [\/et_pb_text][\/et_pb_column][\/et_pb_row][et_pb_row custom_padding=&#8221;15px|0px|15px|0px|false|false&#8221; custom_margin=&#8221;||30px|&#8221; _builder_version=&#8221;3.15&#8243;][et_pb_column type=&#8221;4_4&#8243;][et_pb_text admin_label=&#8221;Titolo paragrafo&#8221; _builder_version=&#8221;3.18.8&#8243; custom_margin=&#8221;||0px|&#8221; custom_padding=&#8221;||0px|&#8221;] Cherche et trouve l\u2019offre qui te convient le mieux [\/et_pb_text][et_pb_text _builder_version=&#8221;3.18.8&#8243;] Si tu as trouv\u00e9 une [&hellip;]<\/p>\n","protected":false},"author":1,"featured_media":0,"parent":0,"menu_order":0,"comment_status":"closed","ping_status":"closed","template":"","meta":{"_et_pb_use_builder":"o","_et_pb_old_content":"","footnotes":""},"_links":{"self":[{"href":"https:\/\/www.alpsandcharme.it\/fr\/wp-json\/wp\/v2\/pages\/3912"}],"collection":[{"href":"https:\/\/www.alpsandcharme.it\/fr\/wp-json\/wp\/v2\/pages"}],"about":[{"href":"https:\/\/www.alpsandcharme.it\/fr\/wp-json\/wp\/v2\/types\/page"}],"author":[{"embeddable":true,"href":"https:\/\/www.alpsandcharme.it\/fr\/wp-json\/wp\/v2\/users\/1"}],"replies":[{"embeddable":true,"href":"https:\/\/www.alpsandcharme.it\/fr\/wp-json\/wp\/v2\/comments?post=3912"}],"version-history":[{"count":0,"href":"https:\/\/www.alpsandcharme.it\/fr\/wp-json\/wp\/v2\/pages\/3912\/revisions"}],"wp:attachment":[{"href":"https:\/\/www.alpsandcharme.it\/fr\/wp-json\/wp\/v2\/media?parent=3912"}],"curies":[{"name":"wp","href":"https:\/\/api.w.org\/{rel}","templated":true}]}}